{"id":470,"date":"2020-02-24T01:00:27","date_gmt":"2020-02-24T00:00:27","guid":{"rendered":"https:\/\/www.aldekor.si\/?page_id=470"},"modified":"2020-02-24T21:02:08","modified_gmt":"2020-02-24T20:02:08","slug":"steklene-stene-alu-les","status":"publish","type":"page","link":"https:\/\/www.aldekor.si\/de\/steklene-stene-alu-les\/","title":{"rendered":"(sloven\u0161\u010dina) Steklene stene ALU\/LES"},"content":{"rendered":"<p class=\"qtranxs-available-languages-message qtranxs-available-languages-message-de\">Leider ist der Eintrag nur auf <a href=\"https:\/\/www.aldekor.si\/si\/wp-json\/wp\/v2\/pages\/470\" class=\"qtranxs-available-language-link qtranxs-available-language-link-si\" title=\"sloven\u0161\u010dina\">sloven\u0161\u010dina<\/a> verf\u00fcgbar.<\/p>","protected":false},"excerpt":{"rendered":"<p>Leider ist der Eintrag nur auf sloven\u0161\u010dina verf\u00fcgbar.<\/p>\n","protected":false},"author":1,"featured_media":0,"parent":0,"menu_order":0,"comment_status":"closed","ping_status":"closed","template":"","meta":{"footnotes":""},"class_list":["post-470","page","type-page","status-publish","hentry"],"yoast_head":"<!-- This site is optimized with the Yoast SEO plugin v26.6 - https:\/\/yoast.com\/wordpress\/plugins\/seo\/ -->\n<title><\/title>\n<meta name=\"robots\" content=\"index, follow, max-snippet:-1, max-image-preview:large, max-video-preview:-1\" \/>\n<link rel=\"canonical\" href=\"https:\/\/www.aldekor.si\/steklene-stene-alu-les\/\" \/>\n<script type=\"application\/ld+json\" class=\"yoast-schema-graph\">{\"@context\":\"https:\/\/schema.org\",\"@graph\":[{\"@type\":\"WebPage\",\"@id\":\"https:\/\/www.aldekor.si\/steklene-stene-alu-les\/\",\"url\":\"https:\/\/www.aldekor.si\/steklene-stene-alu-les\/\",\"name\":\"[:si]Steklene stene ALU\/LES[:] - AL DEKOR - Lieferung und Montage der Innerglasw\u00e4nde, Faltw\u00e4nde und Mobilw\u00e4nde.\",\"isPartOf\":{\"@id\":\"https:\/\/www.aldekor.si\/#website\"},\"primaryImageOfPage\":{\"@id\":\"https:\/\/www.aldekor.si\/steklene-stene-alu-les\/#primaryimage\"},\"image\":{\"@id\":\"https:\/\/www.aldekor.si\/steklene-stene-alu-les\/#primaryimage\"},\"thumbnailUrl\":\"https:\/\/aldekor.si\/slike\/steklene-alu-les\/male\/01.jpg\",\"datePublished\":\"2020-02-24T00:00:27+00:00\",\"dateModified\":\"2020-02-24T20:02:08+00:00\",\"inLanguage\":\"de\",\"potentialAction\":[{\"@type\":\"ReadAction\",\"target\":[\"https:\/\/www.aldekor.si\/steklene-stene-alu-les\/\"]}]},{\"@type\":\"ImageObject\",\"inLanguage\":\"de\",\"@id\":\"https:\/\/www.aldekor.si\/steklene-stene-alu-les\/#primaryimage\",\"url\":\"https:\/\/aldekor.si\/slike\/steklene-alu-les\/male\/01.jpg\",\"contentUrl\":\"https:\/\/aldekor.si\/slike\/steklene-alu-les\/male\/01.jpg\"},{\"@type\":\"WebSite\",\"@id\":\"https:\/\/www.aldekor.si\/#website\",\"url\":\"https:\/\/www.aldekor.si\/\",\"name\":\"AL DEKOR - Lieferung und Montage der Innerglasw\u00e4nde, Faltw\u00e4nde und Mobilw\u00e4nde.\",\"description\":\"\",\"publisher\":{\"@id\":\"https:\/\/www.aldekor.si\/#organization\"},\"potentialAction\":[{\"@type\":\"SearchAction\",\"target\":{\"@type\":\"EntryPoint\",\"urlTemplate\":\"https:\/\/www.aldekor.si\/?s={search_term_string}\"},\"query-input\":{\"@type\":\"PropertyValueSpecification\",\"valueRequired\":true,\"valueName\":\"search_term_string\"}}],\"inLanguage\":\"de\"},{\"@type\":\"Organization\",\"@id\":\"https:\/\/www.aldekor.si\/#organization\",\"name\":\"Aldekor\",\"url\":\"https:\/\/www.aldekor.si\/\",\"logo\":{\"@type\":\"ImageObject\",\"inLanguage\":\"de\",\"@id\":\"https:\/\/www.aldekor.si\/#\/schema\/logo\/image\/\",\"url\":\"https:\/\/www.aldekor.si\/wp-content\/uploads\/2016\/09\/logo_fb.jpg\",\"contentUrl\":\"https:\/\/www.aldekor.si\/wp-content\/uploads\/2016\/09\/logo_fb.jpg\",\"width\":180,\"height\":180,\"caption\":\"Aldekor\"},\"image\":{\"@id\":\"https:\/\/www.aldekor.si\/#\/schema\/logo\/image\/\"}}]}<\/script>\n<!-- \/ Yoast SEO plugin. -->","yoast_head_json":{"title":"[:si]Steklene stene ALU\/LES[:] - AL DEKOR - Lieferung und Montage der Innerglasw\u00e4nde, Faltw\u00e4nde und Mobilw\u00e4nde.","robots":{"index":"index","follow":"follow","max-snippet":"max-snippet:-1","max-image-preview":"max-image-preview:large","max-video-preview":"max-video-preview:-1"},"canonical":"https:\/\/www.aldekor.si\/steklene-stene-alu-les\/","schema":{"@context":"https:\/\/schema.org","@graph":[{"@type":"WebPage","@id":"https:\/\/www.aldekor.si\/steklene-stene-alu-les\/","url":"https:\/\/www.aldekor.si\/steklene-stene-alu-les\/","name":"[:si]Steklene stene ALU\/LES[:] - AL DEKOR - Lieferung und Montage der Innerglasw\u00e4nde, Faltw\u00e4nde und Mobilw\u00e4nde.","isPartOf":{"@id":"https:\/\/www.aldekor.si\/#website"},"primaryImageOfPage":{"@id":"https:\/\/www.aldekor.si\/steklene-stene-alu-les\/#primaryimage"},"image":{"@id":"https:\/\/www.aldekor.si\/steklene-stene-alu-les\/#primaryimage"},"thumbnailUrl":"https:\/\/aldekor.si\/slike\/steklene-alu-les\/male\/01.jpg","datePublished":"2020-02-24T00:00:27+00:00","dateModified":"2020-02-24T20:02:08+00:00","inLanguage":"de","potentialAction":[{"@type":"ReadAction","target":["https:\/\/www.aldekor.si\/steklene-stene-alu-les\/"]}]},{"@type":"ImageObject","inLanguage":"de","@id":"https:\/\/www.aldekor.si\/steklene-stene-alu-les\/#primaryimage","url":"https:\/\/aldekor.si\/slike\/steklene-alu-les\/male\/01.jpg","contentUrl":"https:\/\/aldekor.si\/slike\/steklene-alu-les\/male\/01.jpg"},{"@type":"WebSite","@id":"https:\/\/www.aldekor.si\/#website","url":"https:\/\/www.aldekor.si\/","name":"AL DEKOR - Lieferung und Montage der Innerglasw\u00e4nde, Faltw\u00e4nde und Mobilw\u00e4nde.","description":"","publisher":{"@id":"https:\/\/www.aldekor.si\/#organization"},"potentialAction":[{"@type":"SearchAction","target":{"@type":"EntryPoint","urlTemplate":"https:\/\/www.aldekor.si\/?s={search_term_string}"},"query-input":{"@type":"PropertyValueSpecification","valueRequired":true,"valueName":"search_term_string"}}],"inLanguage":"de"},{"@type":"Organization","@id":"https:\/\/www.aldekor.si\/#organization","name":"Aldekor","url":"https:\/\/www.aldekor.si\/","logo":{"@type":"ImageObject","inLanguage":"de","@id":"https:\/\/www.aldekor.si\/#\/schema\/logo\/image\/","url":"https:\/\/www.aldekor.si\/wp-content\/uploads\/2016\/09\/logo_fb.jpg","contentUrl":"https:\/\/www.aldekor.si\/wp-content\/uploads\/2016\/09\/logo_fb.jpg","width":180,"height":180,"caption":"Aldekor"},"image":{"@id":"https:\/\/www.aldekor.si\/#\/schema\/logo\/image\/"}}]}},"_links":{"self":[{"href":"https:\/\/www.aldekor.si\/de\/wp-json\/wp\/v2\/pages\/470","targetHints":{"allow":["GET"]}}],"collection":[{"href":"https:\/\/www.aldekor.si\/de\/wp-json\/wp\/v2\/pages"}],"about":[{"href":"https:\/\/www.aldekor.si\/de\/wp-json\/wp\/v2\/types\/page"}],"author":[{"embeddable":true,"href":"https:\/\/www.aldekor.si\/de\/wp-json\/wp\/v2\/users\/1"}],"replies":[{"embeddable":true,"href":"https:\/\/www.aldekor.si\/de\/wp-json\/wp\/v2\/comments?post=470"}],"version-history":[{"count":6,"href":"https:\/\/www.aldekor.si\/de\/wp-json\/wp\/v2\/pages\/470\/revisions"}],"predecessor-version":[{"id":494,"href":"https:\/\/www.aldekor.si\/de\/wp-json\/wp\/v2\/pages\/470\/revisions\/494"}],"wp:attachment":[{"href":"https:\/\/www.aldekor.si\/de\/wp-json\/wp\/v2\/media?parent=470"}],"curies":[{"name":"wp","href":"https:\/\/api.w.org\/{rel}","templated":true}]}}