{"id":320,"date":"2014-02-09T18:01:12","date_gmt":"2014-02-09T17:01:12","guid":{"rendered":"http:\/\/www.aldekor.si\/?page_id=320"},"modified":"2020-02-16T14:50:26","modified_gmt":"2020-02-16T13:50:26","slug":"320-2","status":"publish","type":"page","link":"https:\/\/www.aldekor.si\/de\/","title":{"rendered":"Aldekor"},"content":{"rendered":"<p><\/p>\n<p class=\"clear\" style=\"padding: 25px 0 0 0;\">Herzlich willkommen auf der Webseite von der Firma Al Dekor, deren T\u00e4tigkeit ist die Zulieferung und Montage von ALU Baum\u00f6beln. Al Dekor ist spezialisiert f\u00fcr Einbau der Systeme von Innentrennw\u00e4nden aus Glas, weiter rundet das Angebot der Firma auch die ganze Palette der Leistungen und Produkte aus Glas und Aluminium ab.<\/p>\n<p>Nach Wunsch werden die Vord\u00e4cher, Duschkabinen, Gehfl\u00e4chen und Treppen, Glasvitrinen und Schaufenster, Verglasung der Fenster, T\u00fcren, Vorhallen, K\u00fcchenbel\u00e4ge, Spiegel, Glasgel\u00e4nder, Winterg\u00e4rten, Haust\u00fcren und Fenster aus Aluminium ausgefertigt.<\/p>\n<p>Alle Produkte sind ma\u00dfgeschneidert, sowohl f\u00fcr die Gesch\u00e4fts- als auch f\u00fcr die Wohnr\u00e4ume geeignet, und zugleich preislich konkurrenzf\u00e4hig.<\/p>\n<p>Wir folgen den modernsten Trends und mithilfe des Fachteams auf dem Gebiet vom Einbau der Baum\u00f6bel bem\u00fchen wir uns die Bed\u00fcrfnisse der anspruchsvollsten Kunden auszuf\u00fcllen. Zugleich  sind wir der zuverl\u00e4ssige Partner in der Bauindustrie. Zielorientiertes Team mit zwanzigj\u00e4hrigen Erfahrungen arbeitet an anspruchsvollsten Projekten mit anerkannten Ingenieuren, Architekten und Designern zusammen. Jahrelang hat das Team die qualit\u00e4tsvollen Verh\u00e4ltnisse mit den anerkannten Gesch\u00e4ftspartnern gebaut, was die Produkt- und Leistungsqualit\u00e4t und die kurzen Lieferzeiten gew\u00e4hrleistet.  Alle Produkte erreichen die h\u00f6chsten <a title=\"Zertifikaten\" href=\"\/proizvodi\/#certifikati\"><strong>Qualit\u00e4tsstandards und Spitzenqualit\u00e4t mit Qualit\u00e4tssiegeln<\/strong><\/a>.<\/p>\n<p><\/p>","protected":false},"excerpt":{"rendered":"<p>Herzlich willkommen auf der Webseite von der Firma Al Dekor, deren T\u00e4tigkeit ist die Zulieferung und Montage von ALU Baum\u00f6beln. Al Dekor ist spezialisiert f\u00fcr Einbau der Systeme von Innentrennw\u00e4nden aus Glas, weiter rundet das Angebot der Firma auch die ganze Palette der Leistungen und Produkte aus Glas und Aluminium ab. Nach Wunsch werden die [&hellip;]<\/p>\n","protected":false},"author":1,"featured_media":0,"parent":0,"menu_order":100,"comment_status":"closed","ping_status":"closed","template":"","meta":{"footnotes":""},"class_list":["post-320","page","type-page","status-publish","hentry"],"yoast_head":"<!-- This site is optimized with the Yoast SEO plugin v26.6 - https:\/\/yoast.com\/wordpress\/plugins\/seo\/ -->\n<title>AL DEKOR - Lieferung und Montage der Innerglasw\u00e4nde, Faltw\u00e4nde und Mobilw\u00e4nde.<\/title>\n<meta name=\"robots\" content=\"index, follow, max-snippet:-1, max-image-preview:large, max-video-preview:-1\" \/>\n<link rel=\"canonical\" href=\"https:\/\/www.aldekor.si\/\" \/>\n<meta name=\"twitter:label1\" content=\"Gesch\u00e4tzte Lesezeit\" \/>\n\t<meta name=\"twitter:data1\" content=\"2\u00a0Minuten\" \/>\n<script type=\"application\/ld+json\" class=\"yoast-schema-graph\">{\"@context\":\"https:\/\/schema.org\",\"@graph\":[{\"@type\":\"WebPage\",\"@id\":\"https:\/\/www.aldekor.si\/\",\"url\":\"https:\/\/www.aldekor.si\/\",\"name\":\"AL DEKOR - Lieferung und Montage der Innerglasw\u00e4nde, Faltw\u00e4nde und Mobilw\u00e4nde.\",\"isPartOf\":{\"@id\":\"https:\/\/www.aldekor.si\/#website\"},\"datePublished\":\"2014-02-09T17:01:12+00:00\",\"dateModified\":\"2020-02-16T13:50:26+00:00\",\"inLanguage\":\"de\",\"potentialAction\":[{\"@type\":\"ReadAction\",\"target\":[\"https:\/\/www.aldekor.si\/\"]}]},{\"@type\":\"WebSite\",\"@id\":\"https:\/\/www.aldekor.si\/#website\",\"url\":\"https:\/\/www.aldekor.si\/\",\"name\":\"AL DEKOR - Lieferung und Montage der Innerglasw\u00e4nde, Faltw\u00e4nde und Mobilw\u00e4nde.\",\"description\":\"\",\"publisher\":{\"@id\":\"https:\/\/www.aldekor.si\/#organization\"},\"potentialAction\":[{\"@type\":\"SearchAction\",\"target\":{\"@type\":\"EntryPoint\",\"urlTemplate\":\"https:\/\/www.aldekor.si\/?s={search_term_string}\"},\"query-input\":{\"@type\":\"PropertyValueSpecification\",\"valueRequired\":true,\"valueName\":\"search_term_string\"}}],\"inLanguage\":\"de\"},{\"@type\":\"Organization\",\"@id\":\"https:\/\/www.aldekor.si\/#organization\",\"name\":\"Aldekor\",\"url\":\"https:\/\/www.aldekor.si\/\",\"logo\":{\"@type\":\"ImageObject\",\"inLanguage\":\"de\",\"@id\":\"https:\/\/www.aldekor.si\/#\/schema\/logo\/image\/\",\"url\":\"https:\/\/www.aldekor.si\/wp-content\/uploads\/2016\/09\/logo_fb.jpg\",\"contentUrl\":\"https:\/\/www.aldekor.si\/wp-content\/uploads\/2016\/09\/logo_fb.jpg\",\"width\":180,\"height\":180,\"caption\":\"Aldekor\"},\"image\":{\"@id\":\"https:\/\/www.aldekor.si\/#\/schema\/logo\/image\/\"}}]}<\/script>\n<!-- \/ Yoast SEO plugin. -->","yoast_head_json":{"title":"AL DEKOR - Lieferung und Montage der Innerglasw\u00e4nde, Faltw\u00e4nde und Mobilw\u00e4nde.","robots":{"index":"index","follow":"follow","max-snippet":"max-snippet:-1","max-image-preview":"max-image-preview:large","max-video-preview":"max-video-preview:-1"},"canonical":"https:\/\/www.aldekor.si\/","twitter_misc":{"Gesch\u00e4tzte Lesezeit":"2\u00a0Minuten"},"schema":{"@context":"https:\/\/schema.org","@graph":[{"@type":"WebPage","@id":"https:\/\/www.aldekor.si\/","url":"https:\/\/www.aldekor.si\/","name":"AL DEKOR - Lieferung und Montage der Innerglasw\u00e4nde, Faltw\u00e4nde und Mobilw\u00e4nde.","isPartOf":{"@id":"https:\/\/www.aldekor.si\/#website"},"datePublished":"2014-02-09T17:01:12+00:00","dateModified":"2020-02-16T13:50:26+00:00","inLanguage":"de","potentialAction":[{"@type":"ReadAction","target":["https:\/\/www.aldekor.si\/"]}]},{"@type":"WebSite","@id":"https:\/\/www.aldekor.si\/#website","url":"https:\/\/www.aldekor.si\/","name":"AL DEKOR - Lieferung und Montage der Innerglasw\u00e4nde, Faltw\u00e4nde und Mobilw\u00e4nde.","description":"","publisher":{"@id":"https:\/\/www.aldekor.si\/#organization"},"potentialAction":[{"@type":"SearchAction","target":{"@type":"EntryPoint","urlTemplate":"https:\/\/www.aldekor.si\/?s={search_term_string}"},"query-input":{"@type":"PropertyValueSpecification","valueRequired":true,"valueName":"search_term_string"}}],"inLanguage":"de"},{"@type":"Organization","@id":"https:\/\/www.aldekor.si\/#organization","name":"Aldekor","url":"https:\/\/www.aldekor.si\/","logo":{"@type":"ImageObject","inLanguage":"de","@id":"https:\/\/www.aldekor.si\/#\/schema\/logo\/image\/","url":"https:\/\/www.aldekor.si\/wp-content\/uploads\/2016\/09\/logo_fb.jpg","contentUrl":"https:\/\/www.aldekor.si\/wp-content\/uploads\/2016\/09\/logo_fb.jpg","width":180,"height":180,"caption":"Aldekor"},"image":{"@id":"https:\/\/www.aldekor.si\/#\/schema\/logo\/image\/"}}]}},"_links":{"self":[{"href":"https:\/\/www.aldekor.si\/de\/wp-json\/wp\/v2\/pages\/320","targetHints":{"allow":["GET"]}}],"collection":[{"href":"https:\/\/www.aldekor.si\/de\/wp-json\/wp\/v2\/pages"}],"about":[{"href":"https:\/\/www.aldekor.si\/de\/wp-json\/wp\/v2\/types\/page"}],"author":[{"embeddable":true,"href":"https:\/\/www.aldekor.si\/de\/wp-json\/wp\/v2\/users\/1"}],"replies":[{"embeddable":true,"href":"https:\/\/www.aldekor.si\/de\/wp-json\/wp\/v2\/comments?post=320"}],"version-history":[{"count":17,"href":"https:\/\/www.aldekor.si\/de\/wp-json\/wp\/v2\/pages\/320\/revisions"}],"predecessor-version":[{"id":463,"href":"https:\/\/www.aldekor.si\/de\/wp-json\/wp\/v2\/pages\/320\/revisions\/463"}],"wp:attachment":[{"href":"https:\/\/www.aldekor.si\/de\/wp-json\/wp\/v2\/media?parent=320"}],"curies":[{"name":"wp","href":"https:\/\/api.w.org\/{rel}","templated":true}]}}