{"id":2,"date":"2010-10-18T23:05:39","date_gmt":"2010-10-18T23:05:39","guid":{"rendered":"http:\/\/aldekor.si\/?page_id=2"},"modified":"2025-12-23T15:37:49","modified_gmt":"2025-12-23T14:37:49","slug":"o-podjetju","status":"publish","type":"page","link":"https:\/\/www.aldekor.si\/de\/o-podjetju\/","title":{"rendered":"AL DEKOR"},"content":{"rendered":"<p class=\"qtranxs-available-languages-message qtranxs-available-languages-message-de\">Leider ist der Eintrag nur auf <a href=\"https:\/\/www.aldekor.si\/si\/wp-json\/wp\/v2\/pages\/2\" class=\"qtranxs-available-language-link qtranxs-available-language-link-si\" title=\"sloven\u0161\u010dina\">sloven\u0161\u010dina<\/a> verf\u00fcgbar.<\/p>","protected":false},"excerpt":{"rendered":"<p>Leider ist der Eintrag nur auf sloven\u0161\u010dina verf\u00fcgbar.<\/p>\n","protected":false},"author":1,"featured_media":0,"parent":0,"menu_order":0,"comment_status":"closed","ping_status":"closed","template":"","meta":{"footnotes":""},"class_list":["post-2","page","type-page","status-publish","hentry"],"yoast_head":"<!-- This site is optimized with the Yoast SEO plugin v26.6 - https:\/\/yoast.com\/wordpress\/plugins\/seo\/ -->\n<title>AL DEKOR - AL DEKOR - Lieferung und Montage der Innerglasw\u00e4nde, Faltw\u00e4nde und Mobilw\u00e4nde.<\/title>\n<meta name=\"robots\" content=\"index, follow, max-snippet:-1, max-image-preview:large, max-video-preview:-1\" \/>\n<link rel=\"canonical\" href=\"https:\/\/www.aldekor.si\/o-podjetju\/\" \/>\n<meta name=\"twitter:label1\" content=\"Gesch\u00e4tzte Lesezeit\" \/>\n\t<meta name=\"twitter:data1\" content=\"2\u00a0Minuten\" \/>\n<script type=\"application\/ld+json\" class=\"yoast-schema-graph\">{\"@context\":\"https:\/\/schema.org\",\"@graph\":[{\"@type\":\"WebPage\",\"@id\":\"https:\/\/www.aldekor.si\/o-podjetju\/\",\"url\":\"https:\/\/www.aldekor.si\/o-podjetju\/\",\"name\":\"[:si]O PODJETJU[:de]AL DEKOR[:] - AL DEKOR - Lieferung und Montage der Innerglasw\u00e4nde, Faltw\u00e4nde und Mobilw\u00e4nde.\",\"isPartOf\":{\"@id\":\"https:\/\/www.aldekor.si\/#website\"},\"datePublished\":\"2010-10-18T23:05:39+00:00\",\"dateModified\":\"2025-12-23T14:37:49+00:00\",\"inLanguage\":\"de\",\"potentialAction\":[{\"@type\":\"ReadAction\",\"target\":[\"https:\/\/www.aldekor.si\/o-podjetju\/\"]}]},{\"@type\":\"WebSite\",\"@id\":\"https:\/\/www.aldekor.si\/#website\",\"url\":\"https:\/\/www.aldekor.si\/\",\"name\":\"AL DEKOR - Lieferung und Montage der Innerglasw\u00e4nde, Faltw\u00e4nde und Mobilw\u00e4nde.\",\"description\":\"\",\"publisher\":{\"@id\":\"https:\/\/www.aldekor.si\/#organization\"},\"potentialAction\":[{\"@type\":\"SearchAction\",\"target\":{\"@type\":\"EntryPoint\",\"urlTemplate\":\"https:\/\/www.aldekor.si\/?s={search_term_string}\"},\"query-input\":{\"@type\":\"PropertyValueSpecification\",\"valueRequired\":true,\"valueName\":\"search_term_string\"}}],\"inLanguage\":\"de\"},{\"@type\":\"Organization\",\"@id\":\"https:\/\/www.aldekor.si\/#organization\",\"name\":\"Aldekor\",\"url\":\"https:\/\/www.aldekor.si\/\",\"logo\":{\"@type\":\"ImageObject\",\"inLanguage\":\"de\",\"@id\":\"https:\/\/www.aldekor.si\/#\/schema\/logo\/image\/\",\"url\":\"https:\/\/www.aldekor.si\/wp-content\/uploads\/2016\/09\/logo_fb.jpg\",\"contentUrl\":\"https:\/\/www.aldekor.si\/wp-content\/uploads\/2016\/09\/logo_fb.jpg\",\"width\":180,\"height\":180,\"caption\":\"Aldekor\"},\"image\":{\"@id\":\"https:\/\/www.aldekor.si\/#\/schema\/logo\/image\/\"}}]}<\/script>\n<!-- \/ Yoast SEO plugin. -->","yoast_head_json":{"title":"[:si]O PODJETJU[:de]AL DEKOR[:] - AL DEKOR - Lieferung und Montage der Innerglasw\u00e4nde, Faltw\u00e4nde und Mobilw\u00e4nde.","robots":{"index":"index","follow":"follow","max-snippet":"max-snippet:-1","max-image-preview":"max-image-preview:large","max-video-preview":"max-video-preview:-1"},"canonical":"https:\/\/www.aldekor.si\/o-podjetju\/","twitter_misc":{"Gesch\u00e4tzte Lesezeit":"2\u00a0Minuten"},"schema":{"@context":"https:\/\/schema.org","@graph":[{"@type":"WebPage","@id":"https:\/\/www.aldekor.si\/o-podjetju\/","url":"https:\/\/www.aldekor.si\/o-podjetju\/","name":"[:si]O PODJETJU[:de]AL DEKOR[:] - AL DEKOR - Lieferung und Montage der Innerglasw\u00e4nde, Faltw\u00e4nde und Mobilw\u00e4nde.","isPartOf":{"@id":"https:\/\/www.aldekor.si\/#website"},"datePublished":"2010-10-18T23:05:39+00:00","dateModified":"2025-12-23T14:37:49+00:00","inLanguage":"de","potentialAction":[{"@type":"ReadAction","target":["https:\/\/www.aldekor.si\/o-podjetju\/"]}]},{"@type":"WebSite","@id":"https:\/\/www.aldekor.si\/#website","url":"https:\/\/www.aldekor.si\/","name":"AL DEKOR - Lieferung und Montage der Innerglasw\u00e4nde, Faltw\u00e4nde und Mobilw\u00e4nde.","description":"","publisher":{"@id":"https:\/\/www.aldekor.si\/#organization"},"potentialAction":[{"@type":"SearchAction","target":{"@type":"EntryPoint","urlTemplate":"https:\/\/www.aldekor.si\/?s={search_term_string}"},"query-input":{"@type":"PropertyValueSpecification","valueRequired":true,"valueName":"search_term_string"}}],"inLanguage":"de"},{"@type":"Organization","@id":"https:\/\/www.aldekor.si\/#organization","name":"Aldekor","url":"https:\/\/www.aldekor.si\/","logo":{"@type":"ImageObject","inLanguage":"de","@id":"https:\/\/www.aldekor.si\/#\/schema\/logo\/image\/","url":"https:\/\/www.aldekor.si\/wp-content\/uploads\/2016\/09\/logo_fb.jpg","contentUrl":"https:\/\/www.aldekor.si\/wp-content\/uploads\/2016\/09\/logo_fb.jpg","width":180,"height":180,"caption":"Aldekor"},"image":{"@id":"https:\/\/www.aldekor.si\/#\/schema\/logo\/image\/"}}]}},"_links":{"self":[{"href":"https:\/\/www.aldekor.si\/de\/wp-json\/wp\/v2\/pages\/2","targetHints":{"allow":["GET"]}}],"collection":[{"href":"https:\/\/www.aldekor.si\/de\/wp-json\/wp\/v2\/pages"}],"about":[{"href":"https:\/\/www.aldekor.si\/de\/wp-json\/wp\/v2\/types\/page"}],"author":[{"embeddable":true,"href":"https:\/\/www.aldekor.si\/de\/wp-json\/wp\/v2\/users\/1"}],"replies":[{"embeddable":true,"href":"https:\/\/www.aldekor.si\/de\/wp-json\/wp\/v2\/comments?post=2"}],"version-history":[{"count":17,"href":"https:\/\/www.aldekor.si\/de\/wp-json\/wp\/v2\/pages\/2\/revisions"}],"predecessor-version":[{"id":515,"href":"https:\/\/www.aldekor.si\/de\/wp-json\/wp\/v2\/pages\/2\/revisions\/515"}],"wp:attachment":[{"href":"https:\/\/www.aldekor.si\/de\/wp-json\/wp\/v2\/media?parent=2"}],"curies":[{"name":"wp","href":"https:\/\/api.w.org\/{rel}","templated":true}]}}