{"id":198,"date":"2012-09-13T20:43:02","date_gmt":"2012-09-13T18:43:02","guid":{"rendered":"http:\/\/www.aldekor.si\/?page_id=198"},"modified":"2014-05-21T01:13:22","modified_gmt":"2014-05-20T23:13:22","slug":"okna-vrata-zimski-vrtovi","status":"publish","type":"page","link":"https:\/\/www.aldekor.si\/de\/okna-vrata-zimski-vrtovi\/","title":{"rendered":"Fenster, T\u00fcren, Winterg\u00e4rten"},"content":{"rendered":"<p><\/p>\n<h1 class=\"top\">FENSTER, T\u00dcREN, WINTERG\u00c4RTEN<\/h1>\n<p>Bauen Sie das Haus oder renovieren Sie es? Haben Sie die Wohnung und m\u00f6chten neue Fenster? Wahrscheinlich k\u00f6nnen Sie sich nicht zwischen allen Materialien, Profilierungen und Anbietern entscheiden. Deswegen Sie wir f\u00fcr Sie da, Sie zu beraten. <\/p>\n<p>Wir leben in der Welt mit gro\u00dfem Energieverbrauch, die Kraftstoffe werden immer teurer und damit auch das K\u00fchlen und vor allem das Heizen. Im Fall des Einbaus der ALU Fenster bzw. Baum\u00f6beln, k\u00f6nnen Sie zugleich mit geringeren W\u00e4rmeverlusten rechnen und auch Ihrem Haus ein modernes Aussehen verleihen. Aluminium ist nat\u00fcrliches und benutzerfreundliches Material. Es zeichnet sich durch die lange Lebensdauer, einfaches Warten,  Best\u00e4ndigkeit auf die Wettereinfl\u00fcsse und auerordentliche W\u00e4rme-  und Schallisolationsf\u00e4higkeit aus.<\/p>\n<p>ALU Fenster werden gem\u00e4\u00df RAL Farbsystem gef\u00e4rbt, mit dem Typ des Eloxalverfahrens, zur Verf\u00fcgung stehen auch die unterschiedlichen Holzdekors. <\/p>\n<p>Beim RAL Farbsystems k\u00f6nnen Sie zwischen 210 Nuancen, beim Eloxalverfahren zwischen 24 Farbnuancen, und beim Holzdekor 27 Farben und Muster w\u00e4hlen.<\/p>\n<p>Es gibt die Auswahl zwischen zwei verschiedenen Profilierungen, der Grundprofilierung und die Profilierung mit der thermischen Isolierung. Die unterscheiden sich auch in der Breite des Profils. Die Grundbreite betr\u00e4gt 62,5 mm, die ausgebesserte 76,5 mm.<\/p>\n<p>In die Fenster werden verschiedene Glasarten eingebaut: zwei- oder dreischichtige, von  Ug 1,1 W\/m2K \u2013 bis Ug 0,60 W\/m2K.<\/p>\n<p>Es gibt die M\u00f6glichkeit der Auswahl an unterschiedlichen Schall- und Lichteigenschaften des Glases. <\/p>\n<p>Die Beschl\u00e4ge sind qualit\u00e4tsvoll und lieferbar in silberner, schwarzer oder wei\u00dfer Farbe. <\/p>\n<p>M\u00f6chten Sie in Ihren R\u00e4umen mehr Tageslicht oder einen gr\u00f6\u00dferen \u00dcbergang auf die Terrasse? W\u00e4hlen Sie eins von unseren Schiebesystemen. Zur Auswahl gibt es Hebeschiebe- und Schwenkschiebet\u00fcren -System mit unterschiedlichen Optionen des Aufschlie\u00dfens und der Faltw\u00e4nde.<\/p>\n<p>Haben Sie Lust am Wintergarten? Die Wahl und die Bestimmung der Wintergartenform fordert einen speziellen Zugang, denn jeder Wintergarten ist ein Unikat und muss Ihrem Heim und Ihren Gewohnheiten angepasst werden. Entscheidende Rolle spielt die Auswahl der richtigen Lokation. Wie bequem und qualit\u00e4tsvoll das Leben darin wird, h\u00e4ngt von der Auswahl der Verglasung und der entsprechenden Beschattung und des Bel\u00fcftungssystems ab. <\/p>\n<p>W\u00e4hlen Sie zwischen Winterg\u00e4rten in aller Arten und Formen, gebaut aus ALU Systemen.<\/p>\n<p>Wenn Sie qualit\u00e4tsvolle Produkte haben m\u00f6chten, w\u00e4hlen Sie aus unserem ALU Programm. <\/p>","protected":false},"excerpt":{"rendered":"<p>FENSTER, T\u00dcREN, WINTERG\u00c4RTEN Bauen Sie das Haus oder renovieren Sie es? Haben Sie die Wohnung und m\u00f6chten neue Fenster? Wahrscheinlich k\u00f6nnen Sie sich nicht zwischen allen Materialien, Profilierungen und Anbietern entscheiden. Deswegen Sie wir f\u00fcr Sie da, Sie zu beraten. Wir leben in der Welt mit gro\u00dfem Energieverbrauch, die Kraftstoffe werden immer teurer und damit [&hellip;]<\/p>\n","protected":false},"author":1,"featured_media":0,"parent":0,"menu_order":0,"comment_status":"closed","ping_status":"closed","template":"","meta":{"footnotes":""},"class_list":["post-198","page","type-page","status-publish","hentry"],"yoast_head":"<!-- This site is optimized with the Yoast SEO plugin v26.6 - https:\/\/yoast.com\/wordpress\/plugins\/seo\/ -->\n<title>Okna, vrata in zimski vrtovi<\/title>\n<meta name=\"robots\" content=\"index, follow, max-snippet:-1, max-image-preview:large, max-video-preview:-1\" \/>\n<link rel=\"canonical\" href=\"https:\/\/www.aldekor.si\/okna-vrata-zimski-vrtovi\/\" \/>\n<meta name=\"twitter:label1\" content=\"Gesch\u00e4tzte Lesezeit\" \/>\n\t<meta name=\"twitter:data1\" content=\"4\u00a0Minuten\" \/>\n<script type=\"application\/ld+json\" class=\"yoast-schema-graph\">{\"@context\":\"https:\/\/schema.org\",\"@graph\":[{\"@type\":\"WebPage\",\"@id\":\"https:\/\/www.aldekor.si\/okna-vrata-zimski-vrtovi\/\",\"url\":\"https:\/\/www.aldekor.si\/okna-vrata-zimski-vrtovi\/\",\"name\":\"Okna, vrata in zimski vrtovi\",\"isPartOf\":{\"@id\":\"https:\/\/www.aldekor.si\/#website\"},\"datePublished\":\"2012-09-13T18:43:02+00:00\",\"dateModified\":\"2014-05-20T23:13:22+00:00\",\"inLanguage\":\"de\",\"potentialAction\":[{\"@type\":\"ReadAction\",\"target\":[\"https:\/\/www.aldekor.si\/okna-vrata-zimski-vrtovi\/\"]}]},{\"@type\":\"WebSite\",\"@id\":\"https:\/\/www.aldekor.si\/#website\",\"url\":\"https:\/\/www.aldekor.si\/\",\"name\":\"AL DEKOR - Lieferung und Montage der Innerglasw\u00e4nde, Faltw\u00e4nde und Mobilw\u00e4nde.\",\"description\":\"\",\"publisher\":{\"@id\":\"https:\/\/www.aldekor.si\/#organization\"},\"potentialAction\":[{\"@type\":\"SearchAction\",\"target\":{\"@type\":\"EntryPoint\",\"urlTemplate\":\"https:\/\/www.aldekor.si\/?s={search_term_string}\"},\"query-input\":{\"@type\":\"PropertyValueSpecification\",\"valueRequired\":true,\"valueName\":\"search_term_string\"}}],\"inLanguage\":\"de\"},{\"@type\":\"Organization\",\"@id\":\"https:\/\/www.aldekor.si\/#organization\",\"name\":\"Aldekor\",\"url\":\"https:\/\/www.aldekor.si\/\",\"logo\":{\"@type\":\"ImageObject\",\"inLanguage\":\"de\",\"@id\":\"https:\/\/www.aldekor.si\/#\/schema\/logo\/image\/\",\"url\":\"https:\/\/www.aldekor.si\/wp-content\/uploads\/2016\/09\/logo_fb.jpg\",\"contentUrl\":\"https:\/\/www.aldekor.si\/wp-content\/uploads\/2016\/09\/logo_fb.jpg\",\"width\":180,\"height\":180,\"caption\":\"Aldekor\"},\"image\":{\"@id\":\"https:\/\/www.aldekor.si\/#\/schema\/logo\/image\/\"}}]}<\/script>\n<!-- \/ Yoast SEO plugin. -->","yoast_head_json":{"title":"Okna, vrata in zimski vrtovi","robots":{"index":"index","follow":"follow","max-snippet":"max-snippet:-1","max-image-preview":"max-image-preview:large","max-video-preview":"max-video-preview:-1"},"canonical":"https:\/\/www.aldekor.si\/okna-vrata-zimski-vrtovi\/","twitter_misc":{"Gesch\u00e4tzte Lesezeit":"4\u00a0Minuten"},"schema":{"@context":"https:\/\/schema.org","@graph":[{"@type":"WebPage","@id":"https:\/\/www.aldekor.si\/okna-vrata-zimski-vrtovi\/","url":"https:\/\/www.aldekor.si\/okna-vrata-zimski-vrtovi\/","name":"Okna, vrata in zimski vrtovi","isPartOf":{"@id":"https:\/\/www.aldekor.si\/#website"},"datePublished":"2012-09-13T18:43:02+00:00","dateModified":"2014-05-20T23:13:22+00:00","inLanguage":"de","potentialAction":[{"@type":"ReadAction","target":["https:\/\/www.aldekor.si\/okna-vrata-zimski-vrtovi\/"]}]},{"@type":"WebSite","@id":"https:\/\/www.aldekor.si\/#website","url":"https:\/\/www.aldekor.si\/","name":"AL DEKOR - Lieferung und Montage der Innerglasw\u00e4nde, Faltw\u00e4nde und Mobilw\u00e4nde.","description":"","publisher":{"@id":"https:\/\/www.aldekor.si\/#organization"},"potentialAction":[{"@type":"SearchAction","target":{"@type":"EntryPoint","urlTemplate":"https:\/\/www.aldekor.si\/?s={search_term_string}"},"query-input":{"@type":"PropertyValueSpecification","valueRequired":true,"valueName":"search_term_string"}}],"inLanguage":"de"},{"@type":"Organization","@id":"https:\/\/www.aldekor.si\/#organization","name":"Aldekor","url":"https:\/\/www.aldekor.si\/","logo":{"@type":"ImageObject","inLanguage":"de","@id":"https:\/\/www.aldekor.si\/#\/schema\/logo\/image\/","url":"https:\/\/www.aldekor.si\/wp-content\/uploads\/2016\/09\/logo_fb.jpg","contentUrl":"https:\/\/www.aldekor.si\/wp-content\/uploads\/2016\/09\/logo_fb.jpg","width":180,"height":180,"caption":"Aldekor"},"image":{"@id":"https:\/\/www.aldekor.si\/#\/schema\/logo\/image\/"}}]}},"_links":{"self":[{"href":"https:\/\/www.aldekor.si\/de\/wp-json\/wp\/v2\/pages\/198","targetHints":{"allow":["GET"]}}],"collection":[{"href":"https:\/\/www.aldekor.si\/de\/wp-json\/wp\/v2\/pages"}],"about":[{"href":"https:\/\/www.aldekor.si\/de\/wp-json\/wp\/v2\/types\/page"}],"author":[{"embeddable":true,"href":"https:\/\/www.aldekor.si\/de\/wp-json\/wp\/v2\/users\/1"}],"replies":[{"embeddable":true,"href":"https:\/\/www.aldekor.si\/de\/wp-json\/wp\/v2\/comments?post=198"}],"version-history":[{"count":15,"href":"https:\/\/www.aldekor.si\/de\/wp-json\/wp\/v2\/pages\/198\/revisions"}],"predecessor-version":[{"id":351,"href":"https:\/\/www.aldekor.si\/de\/wp-json\/wp\/v2\/pages\/198\/revisions\/351"}],"wp:attachment":[{"href":"https:\/\/www.aldekor.si\/de\/wp-json\/wp\/v2\/media?parent=198"}],"curies":[{"name":"wp","href":"https:\/\/api.w.org\/{rel}","templated":true}]}}