{"id":16,"date":"2010-10-18T23:38:13","date_gmt":"2010-10-18T23:38:13","guid":{"rendered":"http:\/\/aldekor.si\/?page_id=16"},"modified":"2020-02-24T19:33:50","modified_gmt":"2020-02-24T18:33:50","slug":"steklene-stene","status":"publish","type":"page","link":"https:\/\/www.aldekor.si\/de\/steklene-stene\/","title":{"rendered":"Glasw\u00e4nde"},"content":{"rendered":"<p><\/p>\n<h1 class=\"top\"><a name=\"steklene\">DEKO FG GLASW\u00c4NDE<\/a><\/h1>\n<p>Lichtspiel spielt eine wichtige Rolle bei der Wohnqualit\u00e4t. Die Trends des modernen Interieurs haben die H\u00f6hepunkte erreicht und den Platz f\u00fcr den offenen Raum gemacht, der optimal das nat\u00fcrliche Tageslicht ausn\u00fctzt. <\/p>\n<p>Der Raum, ausgestattet mit DEKO FG Glasw\u00e4nden, schafft ein helles, ger\u00e4umiges und attraktives Umfeld egal ob in gro\u00dfen oder kleineren R\u00e4umen, in neugebauten  oder in bestehenden Geb\u00e4uden.<\/p>\n<p>System DEKO FG ist flexibel und passt sich den individuellen Anspr\u00fcchen sowohl an H\u00f6he, Breite des Moduls als auch des Grades der verlangten Privatsph\u00e4re an. In den W\u00e4nden ist das  Einscheiben-Sicherheitsglas eingebaut in beliebigen Farben oder mit Mustern nach Wahl des Kunden.  Die W\u00e4nde sind ma\u00dfgeschneidert und passen sich den Anspr\u00fcchen des Projekts an. Die Breite des Glases ist von der Gr\u00f6\u00dfe und des Gewichts der einzelnen Teile abh\u00e4ngig und in der Spannweite von 10 mm bis 15 mm.<\/p>\n<h2>GESTALTUNGSEIGENSCHAFTEN<\/h2>\n<p>Die Glaselemente sind mit d\u00fcnnen und eleganten Profilen aus Aluminium beendet, die gestaltungsm\u00e4\u00dfig den Trends des Minimalismus folgen. Die senkrechten Verbindungen zwischen den Glaselementen k\u00f6nnen auf drei unterschiedliche Arten ausgef\u00fchrt und kombiniert werden: mit einer Profilverbindung, einer Fugenverbindung oder einer offenen Verbindung.<\/p>\n<p>Der Vorteil des Systems ist in seiner Demontage, die einfaches Auseinanderbauen und Umstellen auf die neue Lokation im Falle der \u00c4nderung des Raumes, erm\u00f6glicht.<\/p>\n<p>Das System erm\u00f6glicht den Einbau der Schiebet\u00fcren, Glast\u00fcren mit Aluminiumrahmen oder T\u00fcren mit Bodenautomaten. Die T\u00fcren mit Aluminiumzargen sind besonders geeignet f\u00fcr die Gesch\u00e4ftsr\u00e4ume, denn die verf\u00fcgen \u00fcber au\u00dferordentliche Schallschutzqualit\u00e4t.<\/p>\n<div class=\"slike\">\n<a href=\"https:\/\/aldekor.si\/slike\/steklene-stene\/01.jpg\" rel=\"lytebox[vacation]\" title=\"Steklena stena 01\"><img decoding=\"async\" class=\"galerija\" src=\"https:\/\/aldekor.si\/slike\/steklene-stene\/male\/01.jpg\" alt=\"Steklena stena 01\" \/><\/a><a href=\"https:\/\/aldekor.si\/slike\/steklene-stene\/02.jpg\" rel=\"lytebox[vacation]\" title=\"Steklena stena 02\"><img decoding=\"async\" class=\"galerija\" src=\"https:\/\/aldekor.si\/slike\/steklene-stene\/male\/02.jpg\" alt=\"Steklena stena 02\" \/><\/a><a href=\"https:\/\/aldekor.si\/slike\/steklene-stene\/03.jpg\" rel=\"lytebox[vacation]\" title=\"Steklena stena 03\"><img decoding=\"async\" class=\"galerija\" src=\"https:\/\/aldekor.si\/slike\/steklene-stene\/male\/03.jpg\" alt=\"Steklena stena 03\" \/><\/a><a href=\"https:\/\/aldekor.si\/slike\/steklene-stene\/04.jpg\" rel=\"lytebox[vacation]\" title=\"Steklena stena 04\"><img decoding=\"async\" class=\"galerija\" src=\"https:\/\/aldekor.si\/slike\/steklene-stene\/male\/04.jpg\" alt=\"Steklena stena 04\" \/><\/a><a href=\"https:\/\/aldekor.si\/slike\/steklene-stene\/05.jpg\" rel=\"lytebox[vacation]\" title=\"Steklena stena 05\"><img decoding=\"async\" class=\"galerija\" src=\"https:\/\/aldekor.si\/slike\/steklene-stene\/male\/05.jpg\" alt=\"Steklena stena 05\" \/><\/a><a href=\"https:\/\/aldekor.si\/slike\/steklene-stene\/06.jpg\" rel=\"lytebox[vacation]\" title=\"Steklena stena 06\"><img decoding=\"async\" class=\"galerija\" src=\"https:\/\/aldekor.si\/slike\/steklene-stene\/male\/06.jpg\" alt=\"Steklena stena 06\" \/><\/a><a href=\"https:\/\/aldekor.si\/slike\/steklene-stene\/07.jpg\" rel=\"lytebox[vacation]\" title=\"Steklena stena 07\"><img decoding=\"async\" class=\"galerija\" src=\"https:\/\/aldekor.si\/slike\/steklene-stene\/male\/07.jpg\" alt=\"Steklena stena 07\" \/><\/a><a href=\"https:\/\/aldekor.si\/slike\/steklene-stene\/08.jpg\" rel=\"lytebox[vacation]\" title=\"Steklena stena 08\"><img decoding=\"async\" class=\"galerija\" src=\"https:\/\/aldekor.si\/slike\/steklene-stene\/male\/08.jpg\" alt=\"Steklena stena 08\" \/><\/a><a href=\"https:\/\/aldekor.si\/slike\/steklene-stene\/09.jpg\" rel=\"lytebox[vacation]\" title=\"Steklena stena 09\"><img decoding=\"async\" class=\"galerija\" src=\"https:\/\/aldekor.si\/slike\/steklene-stene\/male\/09.jpg\" alt=\"Steklena stena 09\" \/><\/a><a href=\"https:\/\/aldekor.si\/slike\/steklene-stene\/10.jpg\" rel=\"lytebox[vacation]\" title=\"Steklena stena 10\"><img decoding=\"async\" class=\"galerija\" src=\"https:\/\/aldekor.si\/slike\/steklene-stene\/male\/10.jpg\" alt=\"Steklena stena 10\" \/><\/a><a href=\"https:\/\/aldekor.si\/slike\/steklene-stene\/11.jpg\" rel=\"lytebox[vacation]\" title=\"Steklena stena 11\"><img decoding=\"async\" class=\"galerija\" src=\"https:\/\/aldekor.si\/slike\/steklene-stene\/male\/11.jpg\" alt=\"Steklena stena 11\" \/><\/a><a href=\"https:\/\/aldekor.si\/slike\/steklene-stene\/12.jpg\" rel=\"lytebox[vacation]\" title=\"Steklena stena 12\"><img decoding=\"async\" class=\"galerija\" src=\"https:\/\/aldekor.si\/slike\/steklene-stene\/male\/12.jpg\" alt=\"Steklena stena 12\" \/><\/a><a href=\"https:\/\/aldekor.si\/slike\/steklene-stene\/13.jpg\" rel=\"lytebox[vacation]\" title=\"Steklena stena 13\"><img decoding=\"async\" class=\"galerija\" src=\"https:\/\/aldekor.si\/slike\/steklene-stene\/male\/13.jpg\" alt=\"Steklena stena 13\" \/><\/a><a href=\"https:\/\/aldekor.si\/slike\/steklene-stene\/14.jpg\" rel=\"lytebox[vacation]\" title=\"Steklena stena 14\"><img decoding=\"async\" class=\"galerija\" src=\"https:\/\/aldekor.si\/slike\/steklene-stene\/male\/14.jpg\" alt=\"Steklena stena 14\" \/><\/a><a href=\"https:\/\/aldekor.si\/slike\/steklene-stene\/15.jpg\" rel=\"lytebox[vacation]\" title=\"Steklena stena 15\"><img decoding=\"async\" class=\"galerija\" src=\"https:\/\/aldekor.si\/slike\/steklene-stene\/male\/15.jpg\" alt=\"Steklena stena 15\" \/><\/a><a href=\"https:\/\/aldekor.si\/slike\/steklene-stene\/16.jpg\" rel=\"lytebox[vacation]\" title=\"Steklena stena 16\"><img decoding=\"async\" class=\"galerija\" src=\"https:\/\/aldekor.si\/slike\/steklene-stene\/male\/16.jpg\" alt=\"Steklena stena 16\" \/><\/a><a href=\"https:\/\/aldekor.si\/slike\/steklene-stene\/17.jpg\" rel=\"lytebox[vacation]\" title=\"Steklena stena 17\"><img decoding=\"async\" class=\"galerija\" src=\"https:\/\/aldekor.si\/slike\/steklene-stene\/male\/17.jpg\" alt=\"Steklena stena 17\" \/><\/a><a href=\"https:\/\/aldekor.si\/slike\/steklene-stene\/18.jpg\" rel=\"lytebox[vacation]\" title=\"Steklena stena 18\"><img decoding=\"async\" class=\"galerija\" src=\"https:\/\/aldekor.si\/slike\/steklene-stene\/male\/18.jpg\" alt=\"Steklena stena 18\" \/><\/a><a href=\"https:\/\/aldekor.si\/slike\/steklene-stene\/19.jpg\" rel=\"lytebox[vacation]\" title=\"Steklena stena 19\"><img decoding=\"async\" class=\"galerija\" src=\"https:\/\/aldekor.si\/slike\/steklene-stene\/male\/19.jpg\" alt=\"Steklena stena 19\" \/><\/a><a href=\"https:\/\/aldekor.si\/slike\/steklene-stene\/20.jpg\" rel=\"lytebox[vacation]\" title=\"Steklena stena 20\"><img decoding=\"async\" class=\"galerija\" src=\"https:\/\/aldekor.si\/slike\/steklene-stene\/male\/20.jpg\" alt=\"Steklena stena 20\" \/><\/a><a href=\"https:\/\/aldekor.si\/slike\/steklene-stene\/21.jpg\" rel=\"lytebox[vacation]\" title=\"Steklena stena 21\"><img decoding=\"async\" class=\"galerija\" src=\"https:\/\/aldekor.si\/slike\/steklene-stene\/male\/21.jpg\" alt=\"Steklena stena 21\" \/><\/a><a href=\"https:\/\/aldekor.si\/slike\/steklene-stene\/22.jpg\" rel=\"lytebox[vacation]\" title=\"Steklena stena 22\"><img decoding=\"async\" class=\"galerija\" src=\"https:\/\/aldekor.si\/slike\/steklene-stene\/male\/22.jpg\" alt=\"Steklena stena 22\" \/><\/a><a href=\"https:\/\/aldekor.si\/slike\/steklene-stene\/23.jpg\" rel=\"lytebox[vacation]\" title=\"Steklena stena 23\"><img decoding=\"async\" class=\"galerija\" src=\"https:\/\/aldekor.si\/slike\/steklene-stene\/male\/23.jpg\" alt=\"Steklena stena 23\" \/><\/a><a href=\"https:\/\/aldekor.si\/slike\/steklene-stene\/24.jpg\" rel=\"lytebox[vacation]\" title=\"Steklena stena 24\"><img decoding=\"async\" class=\"galerija\" src=\"https:\/\/aldekor.si\/slike\/steklene-stene\/male\/24.jpg\" alt=\"Steklena stena 24\" \/><\/a><a href=\"https:\/\/aldekor.si\/slike\/steklene-stene\/25.jpg\" rel=\"lytebox[vacation]\" title=\"Steklena stena 25\"><img decoding=\"async\" class=\"galerija\" src=\"https:\/\/aldekor.si\/slike\/steklene-stene\/male\/25.jpg\" alt=\"Steklena stena 25\" \/><\/a><a href=\"https:\/\/aldekor.si\/slike\/steklene-stene\/26.jpg\" rel=\"lytebox[vacation]\" title=\"Steklena stena 26\"><img decoding=\"async\" class=\"galerija\" src=\"https:\/\/aldekor.si\/slike\/steklene-stene\/male\/26.jpg\" alt=\"Steklena stena 26\" \/><\/a><a href=\"https:\/\/aldekor.si\/slike\/steklene-stene\/27.jpg\" rel=\"lytebox[vacation]\" title=\"Steklena stena 27\"><img decoding=\"async\" class=\"galerija\" src=\"https:\/\/aldekor.si\/slike\/steklene-stene\/male\/27.jpg\" alt=\"Steklena stena 27\" \/><\/a><a href=\"https:\/\/aldekor.si\/slike\/steklene-stene\/28.jpg\" rel=\"lytebox[vacation]\" title=\"Steklena stena 28\"><img decoding=\"async\" class=\"galerija\" src=\"https:\/\/aldekor.si\/slike\/steklene-stene\/male\/28.jpg\" alt=\"Steklena stena 28\" \/><\/a><a href=\"https:\/\/aldekor.si\/slike\/steklene-stene\/29.jpg\" rel=\"lytebox[vacation]\" title=\"Steklena stena 29\"><img decoding=\"async\" class=\"galerija\" src=\"https:\/\/aldekor.si\/slike\/steklene-stene\/male\/29.jpg\" alt=\"Steklena stena 29\" \/><\/a><a href=\"https:\/\/aldekor.si\/slike\/steklene-stene\/30.jpg\" rel=\"lytebox[vacation]\" title=\"Steklena stena 30\"><img decoding=\"async\" class=\"galerija\" src=\"https:\/\/aldekor.si\/slike\/steklene-stene\/male\/30.jpg\" alt=\"Steklena stena 30\" \/><\/a><a href=\"https:\/\/aldekor.si\/slike\/steklene-stene\/31.jpg\" rel=\"lytebox[vacation]\" title=\"Steklena stena 31\"><img decoding=\"async\" class=\"galerija\" src=\"https:\/\/aldekor.si\/slike\/steklene-stene\/male\/31.jpg\" alt=\"Steklena stena 31\" \/><\/a><a href=\"https:\/\/aldekor.si\/slike\/steklene-stene\/32.jpg\" rel=\"lytebox[vacation]\" title=\"Steklena stena 32\"><img decoding=\"async\" class=\"galerija\" src=\"https:\/\/aldekor.si\/slike\/steklene-stene\/male\/32.jpg\" alt=\"Steklena stena 32\" \/><\/a><a href=\"https:\/\/aldekor.si\/slike\/steklene-stene\/33.jpg\" rel=\"lytebox[vacation]\" title=\"Steklena stena 33\"><img decoding=\"async\" class=\"galerija\" src=\"https:\/\/aldekor.si\/slike\/steklene-stene\/male\/33.jpg\" alt=\"Steklena stena 33\" \/><\/a>\n<\/div>\n<p><\/p>","protected":false},"excerpt":{"rendered":"<p>DEKO FG GLASW\u00c4NDE Lichtspiel spielt eine wichtige Rolle bei der Wohnqualit\u00e4t. Die Trends des modernen Interieurs haben die H\u00f6hepunkte erreicht und den Platz f\u00fcr den offenen Raum gemacht, der optimal das nat\u00fcrliche Tageslicht ausn\u00fctzt. Der Raum, ausgestattet mit DEKO FG Glasw\u00e4nden, schafft ein helles, ger\u00e4umiges und attraktives Umfeld egal ob in gro\u00dfen oder kleineren R\u00e4umen, [&hellip;]<\/p>\n","protected":false},"author":1,"featured_media":0,"parent":0,"menu_order":0,"comment_status":"closed","ping_status":"closed","template":"","meta":{"footnotes":""},"class_list":["post-16","page","type-page","status-publish","hentry"],"yoast_head":"<!-- This site is optimized with the Yoast SEO plugin v26.6 - https:\/\/yoast.com\/wordpress\/plugins\/seo\/ -->\n<title>Glasw\u00e4nde - AL DEKOR - Lieferung und Montage der Innerglasw\u00e4nde, Faltw\u00e4nde und Mobilw\u00e4nde.<\/title>\n<meta name=\"description\" content=\"Galerija zelo kvalitetnih steklenih sten danskega proizvajalca DEKO.\" \/>\n<meta name=\"robots\" content=\"index, follow, max-snippet:-1, max-image-preview:large, max-video-preview:-1\" \/>\n<link rel=\"canonical\" href=\"https:\/\/www.aldekor.si\/steklene-stene\/\" \/>\n<meta name=\"twitter:label1\" content=\"Gesch\u00e4tzte Lesezeit\" \/>\n\t<meta name=\"twitter:data1\" content=\"3\u00a0Minuten\" \/>\n<script type=\"application\/ld+json\" class=\"yoast-schema-graph\">{\"@context\":\"https:\/\/schema.org\",\"@graph\":[{\"@type\":\"WebPage\",\"@id\":\"https:\/\/www.aldekor.si\/steklene-stene\/\",\"url\":\"https:\/\/www.aldekor.si\/steklene-stene\/\",\"name\":\"[:si]Steklene stene[:de]Glasw\u00e4nde[:] - AL DEKOR - Lieferung und Montage der Innerglasw\u00e4nde, Faltw\u00e4nde und Mobilw\u00e4nde.\",\"isPartOf\":{\"@id\":\"https:\/\/www.aldekor.si\/#website\"},\"primaryImageOfPage\":{\"@id\":\"https:\/\/www.aldekor.si\/steklene-stene\/#primaryimage\"},\"image\":{\"@id\":\"https:\/\/www.aldekor.si\/steklene-stene\/#primaryimage\"},\"thumbnailUrl\":\"https:\/\/aldekor.si\/slike\/steklene-stene\/male\/01.jpg\",\"datePublished\":\"2010-10-18T23:38:13+00:00\",\"dateModified\":\"2020-02-24T18:33:50+00:00\",\"description\":\"Galerija zelo kvalitetnih steklenih sten danskega proizvajalca DEKO.\",\"inLanguage\":\"de\",\"potentialAction\":[{\"@type\":\"ReadAction\",\"target\":[\"https:\/\/www.aldekor.si\/steklene-stene\/\"]}]},{\"@type\":\"ImageObject\",\"inLanguage\":\"de\",\"@id\":\"https:\/\/www.aldekor.si\/steklene-stene\/#primaryimage\",\"url\":\"https:\/\/aldekor.si\/slike\/steklene-stene\/male\/01.jpg\",\"contentUrl\":\"https:\/\/aldekor.si\/slike\/steklene-stene\/male\/01.jpg\"},{\"@type\":\"WebSite\",\"@id\":\"https:\/\/www.aldekor.si\/#website\",\"url\":\"https:\/\/www.aldekor.si\/\",\"name\":\"AL DEKOR - Lieferung und Montage der Innerglasw\u00e4nde, Faltw\u00e4nde und Mobilw\u00e4nde.\",\"description\":\"\",\"publisher\":{\"@id\":\"https:\/\/www.aldekor.si\/#organization\"},\"potentialAction\":[{\"@type\":\"SearchAction\",\"target\":{\"@type\":\"EntryPoint\",\"urlTemplate\":\"https:\/\/www.aldekor.si\/?s={search_term_string}\"},\"query-input\":{\"@type\":\"PropertyValueSpecification\",\"valueRequired\":true,\"valueName\":\"search_term_string\"}}],\"inLanguage\":\"de\"},{\"@type\":\"Organization\",\"@id\":\"https:\/\/www.aldekor.si\/#organization\",\"name\":\"Aldekor\",\"url\":\"https:\/\/www.aldekor.si\/\",\"logo\":{\"@type\":\"ImageObject\",\"inLanguage\":\"de\",\"@id\":\"https:\/\/www.aldekor.si\/#\/schema\/logo\/image\/\",\"url\":\"https:\/\/www.aldekor.si\/wp-content\/uploads\/2016\/09\/logo_fb.jpg\",\"contentUrl\":\"https:\/\/www.aldekor.si\/wp-content\/uploads\/2016\/09\/logo_fb.jpg\",\"width\":180,\"height\":180,\"caption\":\"Aldekor\"},\"image\":{\"@id\":\"https:\/\/www.aldekor.si\/#\/schema\/logo\/image\/\"}}]}<\/script>\n<!-- \/ Yoast SEO plugin. -->","yoast_head_json":{"title":"[:si]Steklene stene[:de]Glasw\u00e4nde[:] - AL DEKOR - Lieferung und Montage der Innerglasw\u00e4nde, Faltw\u00e4nde und Mobilw\u00e4nde.","description":"Galerija zelo kvalitetnih steklenih sten danskega proizvajalca DEKO.","robots":{"index":"index","follow":"follow","max-snippet":"max-snippet:-1","max-image-preview":"max-image-preview:large","max-video-preview":"max-video-preview:-1"},"canonical":"https:\/\/www.aldekor.si\/steklene-stene\/","twitter_misc":{"Gesch\u00e4tzte Lesezeit":"3\u00a0Minuten"},"schema":{"@context":"https:\/\/schema.org","@graph":[{"@type":"WebPage","@id":"https:\/\/www.aldekor.si\/steklene-stene\/","url":"https:\/\/www.aldekor.si\/steklene-stene\/","name":"[:si]Steklene stene[:de]Glasw\u00e4nde[:] - AL DEKOR - Lieferung und Montage der Innerglasw\u00e4nde, Faltw\u00e4nde und Mobilw\u00e4nde.","isPartOf":{"@id":"https:\/\/www.aldekor.si\/#website"},"primaryImageOfPage":{"@id":"https:\/\/www.aldekor.si\/steklene-stene\/#primaryimage"},"image":{"@id":"https:\/\/www.aldekor.si\/steklene-stene\/#primaryimage"},"thumbnailUrl":"https:\/\/aldekor.si\/slike\/steklene-stene\/male\/01.jpg","datePublished":"2010-10-18T23:38:13+00:00","dateModified":"2020-02-24T18:33:50+00:00","description":"Galerija zelo kvalitetnih steklenih sten danskega proizvajalca DEKO.","inLanguage":"de","potentialAction":[{"@type":"ReadAction","target":["https:\/\/www.aldekor.si\/steklene-stene\/"]}]},{"@type":"ImageObject","inLanguage":"de","@id":"https:\/\/www.aldekor.si\/steklene-stene\/#primaryimage","url":"https:\/\/aldekor.si\/slike\/steklene-stene\/male\/01.jpg","contentUrl":"https:\/\/aldekor.si\/slike\/steklene-stene\/male\/01.jpg"},{"@type":"WebSite","@id":"https:\/\/www.aldekor.si\/#website","url":"https:\/\/www.aldekor.si\/","name":"AL DEKOR - Lieferung und Montage der Innerglasw\u00e4nde, Faltw\u00e4nde und Mobilw\u00e4nde.","description":"","publisher":{"@id":"https:\/\/www.aldekor.si\/#organization"},"potentialAction":[{"@type":"SearchAction","target":{"@type":"EntryPoint","urlTemplate":"https:\/\/www.aldekor.si\/?s={search_term_string}"},"query-input":{"@type":"PropertyValueSpecification","valueRequired":true,"valueName":"search_term_string"}}],"inLanguage":"de"},{"@type":"Organization","@id":"https:\/\/www.aldekor.si\/#organization","name":"Aldekor","url":"https:\/\/www.aldekor.si\/","logo":{"@type":"ImageObject","inLanguage":"de","@id":"https:\/\/www.aldekor.si\/#\/schema\/logo\/image\/","url":"https:\/\/www.aldekor.si\/wp-content\/uploads\/2016\/09\/logo_fb.jpg","contentUrl":"https:\/\/www.aldekor.si\/wp-content\/uploads\/2016\/09\/logo_fb.jpg","width":180,"height":180,"caption":"Aldekor"},"image":{"@id":"https:\/\/www.aldekor.si\/#\/schema\/logo\/image\/"}}]}},"_links":{"self":[{"href":"https:\/\/www.aldekor.si\/de\/wp-json\/wp\/v2\/pages\/16","targetHints":{"allow":["GET"]}}],"collection":[{"href":"https:\/\/www.aldekor.si\/de\/wp-json\/wp\/v2\/pages"}],"about":[{"href":"https:\/\/www.aldekor.si\/de\/wp-json\/wp\/v2\/types\/page"}],"author":[{"embeddable":true,"href":"https:\/\/www.aldekor.si\/de\/wp-json\/wp\/v2\/users\/1"}],"replies":[{"embeddable":true,"href":"https:\/\/www.aldekor.si\/de\/wp-json\/wp\/v2\/comments?post=16"}],"version-history":[{"count":25,"href":"https:\/\/www.aldekor.si\/de\/wp-json\/wp\/v2\/pages\/16\/revisions"}],"predecessor-version":[{"id":484,"href":"https:\/\/www.aldekor.si\/de\/wp-json\/wp\/v2\/pages\/16\/revisions\/484"}],"wp:attachment":[{"href":"https:\/\/www.aldekor.si\/de\/wp-json\/wp\/v2\/media?parent=16"}],"curies":[{"name":"wp","href":"https:\/\/api.w.org\/{rel}","templated":true}]}}